{"id":146,"date":"2024-07-10T09:33:42","date_gmt":"2024-07-10T09:33:42","guid":{"rendered":"https:\/\/prosicur.com\/?page_id=146"},"modified":"2026-04-28T15:07:21","modified_gmt":"2026-04-28T15:07:21","slug":"cont","status":"publish","type":"page","link":"https:\/\/www.yclasesoria.com\/index.php\/cont\/","title":{"rendered":"Cont"},"content":{"rendered":"<p>[et_pb_section fb_built=\u00bb1&#8243; admin_label=\u00bbHero\u00bb _builder_version=\u00bb4.26.0&#8243; background_color=\u00bb#084666&#8243; use_background_color_gradient=\u00bbon\u00bb background_color_gradient_direction=\u00bb170deg\u00bb background_color_gradient_stops=\u00bb#002e4f 1%|rgba(8,70,102,0.8) 100%\u00bb background_color_gradient_overlays_image=\u00bbon\u00bb background_color_gradient_start=\u00bb#002e4f\u00bb background_color_gradient_start_position=\u00bb1%\u00bb background_color_gradient_end=\u00bbrgba(8,70,102,0.8)\u00bb background_image=\u00bbhttps:\/\/prosicur.com\/wp-content\/uploads\/2024\/07\/Captura-de-pantalla-2024-07-11-a-las-11.34.54.jpg\u00bb custom_padding=\u00bb|||\u00bb global_colors_info=\u00bb{}\u00bb][et_pb_row _builder_version=\u00bb4.16&#8243; background_size=\u00bbinitial\u00bb background_position=\u00bbtop_left\u00bb background_repeat=\u00bbrepeat\u00bb custom_padding=\u00bb27px|0px|27px|0px|false|false\u00bb global_colors_info=\u00bb{}\u00bb][et_pb_column type=\u00bb4_4&#8243; _builder_version=\u00bb4.16&#8243; custom_padding=\u00bb|||\u00bb global_colors_info=\u00bb{}\u00bb custom_padding__hover=\u00bb|||\u00bb][et_pb_text _builder_version=\u00bb4.26.0&#8243; text_font=\u00bb||||||||\u00bb text_font_size=\u00bb20px\u00bb text_line_height=\u00bb2em\u00bb header_font=\u00bbOpen Sans|800|||||||\u00bb header_font_size=\u00bb60px\u00bb header_line_height=\u00bb1.7em\u00bb background_size=\u00bbinitial\u00bb background_position=\u00bbtop_left\u00bb background_repeat=\u00bbrepeat\u00bb background_layout=\u00bbdark\u00bb max_width=\u00bb600px\u00bb custom_margin=\u00bb|||\u00bb custom_margin_tablet=\u00bb|100px||\u00bb custom_margin_phone=\u00bb|30px||\u00bb custom_margin_last_edited=\u00bboff|desktop\u00bb header_font_size_tablet=\u00bb50px\u00bb header_font_size_phone=\u00bb40px\u00bb header_font_size_last_edited=\u00bbon|phone\u00bb header_line_height_tablet=\u00bb\u00bb header_line_height_phone=\u00bb\u00bb header_line_height_last_edited=\u00bbon|desktop\u00bb global_colors_info=\u00bb{}\u00bb]<\/p>\n<h1>Contacto<\/h1>\n<h3><strong>Horario de atenci\u00f3n al p\u00fablico:<\/strong><\/h3>\n<h4>De Lunes a Viernes 9:30 a 13:30 I 16:00 a 18:00<\/h4>\n<p>[\/et_pb_text][\/et_pb_column][\/et_pb_row][et_pb_row column_structure=\u00bb1_3,1_3,1_3&#8243; use_custom_gutter=\u00bbon\u00bb gutter_width=\u00bb2&#8243; admin_label=\u00bbRow\u00bb _builder_version=\u00bb4.16&#8243; global_colors_info=\u00bb{}\u00bb][et_pb_column type=\u00bb1_3&#8243; _builder_version=\u00bb4.16&#8243; custom_padding=\u00bb|||\u00bb global_colors_info=\u00bb{}\u00bb custom_padding__hover=\u00bb|||\u00bb][et_pb_text _builder_version=\u00bb4.26.0&#8243; text_font=\u00bb||||||||\u00bb text_font_size=\u00bb16px\u00bb text_line_height=\u00bb2em\u00bb header_font=\u00bb||||||||\u00bb header_3_font=\u00bbOpen Sans|700|||||||\u00bb header_3_line_height=\u00bb1.6em\u00bb background_color=\u00bb#4e7c97&#8243; background_layout=\u00bbdark\u00bb custom_margin=\u00bb|||\u00bb custom_padding=\u00bb30px|30px|30px|30px|true|true\u00bb animation_style=\u00bbfold\u00bb animation_direction=\u00bbtop\u00bb global_colors_info=\u00bb{}\u00bb]<\/p>\n<h3>Correo Electr\u00f3nico<\/h3>\n<p>administracion@yclasesoria.com<\/p>\n<p>[\/et_pb_text][\/et_pb_column][et_pb_column type=\u00bb1_3&#8243; _builder_version=\u00bb4.16&#8243; custom_padding=\u00bb|||\u00bb global_colors_info=\u00bb{}\u00bb custom_padding__hover=\u00bb|||\u00bb][et_pb_text _builder_version=\u00bb4.26.0&#8243; text_font=\u00bb||||||||\u00bb text_font_size=\u00bb16px\u00bb text_line_height=\u00bb2em\u00bb header_font=\u00bb||||||||\u00bb header_3_font=\u00bbOpen Sans|700|||||||\u00bb header_3_line_height=\u00bb1.6em\u00bb background_color=\u00bb#a2b0c1&#8243; background_layout=\u00bbdark\u00bb custom_margin=\u00bb|||\u00bb custom_padding=\u00bb30px|30px|30px|30px|true|true\u00bb animation_style=\u00bbfold\u00bb animation_direction=\u00bbtop\u00bb animation_delay=\u00bb200ms\u00bb global_colors_info=\u00bb{}\u00bb]<\/p>\n<h3>Tel\u00e9fono<\/h3>\n<p>(34) 93 245 50 68<\/p>\n<p>[\/et_pb_text][\/et_pb_column][et_pb_column type=\u00bb1_3&#8243; _builder_version=\u00bb4.16&#8243; custom_padding=\u00bb|||\u00bb global_colors_info=\u00bb{}\u00bb custom_padding__hover=\u00bb|||\u00bb][et_pb_text _builder_version=\u00bb4.26.0&#8243; text_font=\u00bb||||||||\u00bb text_font_size=\u00bb16px\u00bb text_line_height=\u00bb2em\u00bb header_font=\u00bb||||||||\u00bb header_3_font=\u00bbOpen Sans|700|||||||\u00bb header_3_line_height=\u00bb1.6em\u00bb background_color=\u00bb#ffffff\u00bb custom_margin=\u00bb|||\u00bb custom_padding=\u00bb30px|30px|30px|30px|true|true\u00bb animation_style=\u00bbfold\u00bb animation_direction=\u00bbtop\u00bb animation_delay=\u00bb400ms\u00bb global_colors_info=\u00bb{}\u00bb]<\/p>\n<h3>Direcci\u00f3n<\/h3>\n<p>Passeig Crist\u00f2fol Colom, 6 Local 2 08402 Granollers<\/p>\n<p>[\/et_pb_text][\/et_pb_column][\/et_pb_row][\/et_pb_section][et_pb_section fb_built=\u00bb1&#8243; _builder_version=\u00bb4.26.0&#8243; _module_preset=\u00bbdefault\u00bb global_colors_info=\u00bb{}\u00bb][et_pb_row _builder_version=\u00bb4.26.0&#8243; _module_preset=\u00bbdefault\u00bb global_colors_info=\u00bb{}\u00bb][et_pb_column type=\u00bb4_4&#8243; _builder_version=\u00bb4.26.0&#8243; _module_preset=\u00bbdefault\u00bb global_colors_info=\u00bb{}\u00bb][et_pb_code _builder_version=\u00bb4.26.0&#8243; _module_preset=\u00bbdefault\u00bb global_colors_info=\u00bb{}\u00bb]<iframe src=\"https:\/\/www.google.com\/maps\/embed?pb=!1m18!1m12!1m3!1d2983.5776622544345!2d2.2851454766888883!3d41.600018582778105!2m3!1f0!2f0!3f0!3m2!1i1024!2i768!4f13.1!3m3!1m2!1s0x12a4c7c220b351ab%3A0x6354171b686c9b4f!2sPasseig%20Crist%C3%B2fol%20Colom%2C%206%2C%20Local%202%2C%2008402%20Granollers%2C%20Barcelona!5e0!3m2!1ses!2ses!4v1720604663120!5m2!1ses!2ses\" width=\"100%\" height=\"450\" style=\"border:0;\" allowfullscreen=\"\" loading=\"lazy\" referrerpolicy=\"no-referrer-when-downgrade\"><\/iframe>[\/et_pb_code][\/et_pb_column][\/et_pb_row][\/et_pb_section][et_pb_section fb_built=\u00bb1&#8243; _builder_version=\u00bb4.16&#8243; background_color=\u00bb#f6f8fa\u00bb background_color_gradient_direction=\u00bb90deg\u00bb global_colors_info=\u00bb{}\u00bb][et_pb_row column_structure=\u00bb1_4,3_4&#8243; _builder_version=\u00bb4.16&#8243; locked=\u00bboff\u00bb global_colors_info=\u00bb{}\u00bb][et_pb_column type=\u00bb1_4&#8243; _builder_version=\u00bb4.16&#8243; custom_padding=\u00bb|||\u00bb global_colors_info=\u00bb{}\u00bb custom_padding__hover=\u00bb|||\u00bb][et_pb_image src=\u00bbhttps:\/\/prosicur.com\/wp-content\/uploads\/2024\/07\/freetextimage-4238-es.png\u00bb title_text=\u00bbfreetextimage-4238-es\u00bb align_tablet=\u00bbcenter\u00bb align_phone=\u00bbcenter\u00bb align_last_edited=\u00bbon|desktop\u00bb _builder_version=\u00bb4.26.0&#8243; global_colors_info=\u00bb{}\u00bb][\/et_pb_image][\/et_pb_column][et_pb_column type=\u00bb3_4&#8243; _builder_version=\u00bb4.16&#8243; custom_padding=\u00bb|||\u00bb global_colors_info=\u00bb{}\u00bb custom_padding__hover=\u00bb|||\u00bb][et_pb_text _builder_version=\u00bb4.26.0&#8243; _module_preset=\u00bbdefault\u00bb global_colors_info=\u00bb{}\u00bb]<\/p>\n<p style=\"text-align: right;\"><strong>Yolanda Cabeza Lucena<\/strong><\/p>\n<p style=\"text-align: right;\">Licenciada en Derecho por la Universidad de C\u00e1diz<\/p>\n<p style=\"text-align: right;\">Administradora de Fincas Colegiada n\u00ba 6768 del Colegio de Administradores de Fincas de Barcelona y Lleida<\/p>\n<p style=\"text-align: right;\">Socia n\u00ba 385 de la Associaci\u00f3 Catalana d&#8217;Assessors Fiscals, Comptables i Laborals<\/p>\n<p>[\/et_pb_text][\/et_pb_column][\/et_pb_row][\/et_pb_section][et_pb_section fb_built=\u00bb1&#8243; _builder_version=\u00bb4.16&#8243; background_color=\u00bb#f6f8fa\u00bb background_color_gradient_direction=\u00bb90deg\u00bb global_colors_info=\u00bb{}\u00bb][et_pb_row column_structure=\u00bb1_5,3_5,1_5&#8243; _builder_version=\u00bb4.16&#8243; locked=\u00bboff\u00bb global_colors_info=\u00bb{}\u00bb][et_pb_column type=\u00bb1_5&#8243; _builder_version=\u00bb4.16&#8243; custom_padding=\u00bb|||\u00bb global_colors_info=\u00bb{}\u00bb custom_padding__hover=\u00bb|||\u00bb][\/et_pb_column][et_pb_column type=\u00bb3_5&#8243; _builder_version=\u00bb4.16&#8243; custom_padding=\u00bb|||\u00bb global_colors_info=\u00bb{}\u00bb custom_padding__hover=\u00bb|||\u00bb][et_pb_text _builder_version=\u00bb4.26.0&#8243; _module_preset=\u00bbdefault\u00bb global_colors_info=\u00bb{}\u00bb]<\/p>\n<hr \/>\n<div class=\"divdireccion\" style=\"text-align: center;\">Passeig Crist\u00f2fol Colom, 6 Local 2 08402 Granollers<\/div>\n<div class=\"divcontactinfo\" style=\"text-align: center;\"><strong>Tel\u00e9fono:<\/strong><span>\u00a0<\/span><a href=\"tel:932455068\">932455068<\/a> \u00a0<strong>Whatsapp:<\/strong><span>\u00a0<\/span><a target=\"_blank\" href=\"https:\/\/api.whatsapp.com\/send?phone=628115248\" rel=\"noopener\">628115248<\/a><span>\u00a0 \u00a0<\/span><strong>Email:<\/strong><span>\u00a0<\/span><a href=\"mailto:administracion@yclasesoria.com\">administracion@yclasesoria.com<\/a><\/div>\n<div class=\"divdireccion\" style=\"text-align: center;\">09:00 &#8211; 13:30 \/ 16:00 &#8211; 19:00<\/div>\n<p>[\/et_pb_text][\/et_pb_column][et_pb_column type=\u00bb1_5&#8243; _builder_version=\u00bb4.16&#8243; custom_padding=\u00bb|||\u00bb global_colors_info=\u00bb{}\u00bb custom_padding__hover=\u00bb|||\u00bb][\/et_pb_column][\/et_pb_row][\/et_pb_section]<\/p>\n","protected":false},"excerpt":{"rendered":"<p>Contacto Horario de atenci\u00f3n al p\u00fablico: De Lunes a Viernes 9:30 a 13:30 I 16:00 a 18:00Correo Electr\u00f3nico administracion@yclasesoria.comTel\u00e9fono (34) 93 245 50 68Direcci\u00f3n Passeig Crist\u00f2fol Colom, 6 Local 2 08402 GranollersYolanda Cabeza Lucena Licenciada en Derecho por la Universidad de C\u00e1diz Administradora de Fincas Colegiada n\u00ba 6768 del Colegio de Administradores de Fincas de [&hellip;]<\/p>\n","protected":false},"author":1,"featured_media":0,"parent":0,"menu_order":0,"comment_status":"closed","ping_status":"closed","template":"","meta":{"_et_pb_use_builder":"on","_et_pb_old_content":"","_et_gb_content_width":"","footnotes":""},"class_list":["post-146","page","type-page","status-publish","hentry"],"_links":{"self":[{"href":"https:\/\/www.yclasesoria.com\/index.php\/wp-json\/wp\/v2\/pages\/146","targetHints":{"allow":["GET"]}}],"collection":[{"href":"https:\/\/www.yclasesoria.com\/index.php\/wp-json\/wp\/v2\/pages"}],"about":[{"href":"https:\/\/www.yclasesoria.com\/index.php\/wp-json\/wp\/v2\/types\/page"}],"author":[{"embeddable":true,"href":"https:\/\/www.yclasesoria.com\/index.php\/wp-json\/wp\/v2\/users\/1"}],"replies":[{"embeddable":true,"href":"https:\/\/www.yclasesoria.com\/index.php\/wp-json\/wp\/v2\/comments?post=146"}],"version-history":[{"count":7,"href":"https:\/\/www.yclasesoria.com\/index.php\/wp-json\/wp\/v2\/pages\/146\/revisions"}],"predecessor-version":[{"id":452,"href":"https:\/\/www.yclasesoria.com\/index.php\/wp-json\/wp\/v2\/pages\/146\/revisions\/452"}],"wp:attachment":[{"href":"https:\/\/www.yclasesoria.com\/index.php\/wp-json\/wp\/v2\/media?parent=146"}],"curies":[{"name":"wp","href":"https:\/\/api.w.org\/{rel}","templated":true}]}}